{"id":378,"date":"2021-11-11T02:00:03","date_gmt":"2021-11-11T05:00:03","guid":{"rendered":"https:\/\/cartaobraborda.com\/?page_id=378"},"modified":"2021-11-11T02:04:47","modified_gmt":"2021-11-11T05:04:47","slug":"video-de-abertura","status":"publish","type":"page","link":"https:\/\/cartaobraborda.com\/?page_id=378","title":{"rendered":"V\u00eddeo de abertura"},"content":{"rendered":"\n<figure class=\"wp-block-video\"><video height=\"720\" style=\"aspect-ratio: 720 \/ 720;\" width=\"720\" controls src=\"https:\/\/cartaobraborda.com\/wp-content\/uploads\/2021\/11\/CartaObraBorda.mp4\"><\/video><\/figure>\n\n\n\n<p><\/p>\n\n\n\n<p><\/p>\n\n\n\n<p><\/p>\n\n\n\n<p><strong>V\u00eddeo de abertura<\/strong><\/p>\n\n\n\n<p>Roteiro, edi\u00e7\u00e3o e narra\u00e7\u00e3o: Suyan de Mattos<\/p>\n\n\n\n<p><\/p>\n\n\n\n<div class=\"wp-block-buttons is-content-justification-center is-layout-flex wp-block-buttons-is-layout-flex\">\n<div class=\"wp-block-button is-style-outline is-style-outline--1\"><a class=\"wp-block-button__link\" href=\"https:\/\/cartaobraborda.com\/?page_id=85\">Voltar<\/a><\/div>\n<\/div>\n\n\n\n<p><\/p>\n","protected":false},"excerpt":{"rendered":"<p>V\u00eddeo de abertura Roteiro, edi\u00e7\u00e3o e narra\u00e7\u00e3o: Suyan de Mattos<\/p>\n","protected":false},"author":1,"featured_media":0,"parent":0,"menu_order":0,"comment_status":"closed","ping_status":"closed","template":"","meta":{"_eb_attr":"","_vp_format_video_url":"","_vp_image_focal_point":[],"footnotes":""},"class_list":["post-378","page","type-page","status-publish","hentry"],"_links":{"self":[{"href":"https:\/\/cartaobraborda.com\/index.php?rest_route=\/wp\/v2\/pages\/378","targetHints":{"allow":["GET"]}}],"collection":[{"href":"https:\/\/cartaobraborda.com\/index.php?rest_route=\/wp\/v2\/pages"}],"about":[{"href":"https:\/\/cartaobraborda.com\/index.php?rest_route=\/wp\/v2\/types\/page"}],"author":[{"embeddable":true,"href":"https:\/\/cartaobraborda.com\/index.php?rest_route=\/wp\/v2\/users\/1"}],"replies":[{"embeddable":true,"href":"https:\/\/cartaobraborda.com\/index.php?rest_route=%2Fwp%2Fv2%2Fcomments&post=378"}],"version-history":[{"count":4,"href":"https:\/\/cartaobraborda.com\/index.php?rest_route=\/wp\/v2\/pages\/378\/revisions"}],"predecessor-version":[{"id":384,"href":"https:\/\/cartaobraborda.com\/index.php?rest_route=\/wp\/v2\/pages\/378\/revisions\/384"}],"wp:attachment":[{"href":"https:\/\/cartaobraborda.com\/index.php?rest_route=%2Fwp%2Fv2%2Fmedia&parent=378"}],"curies":[{"name":"wp","href":"https:\/\/api.w.org\/{rel}","templated":true}]}}