{"id":392,"date":"2021-11-13T16:01:34","date_gmt":"2021-11-13T19:01:34","guid":{"rendered":"https:\/\/cartaobraborda.com\/?page_id=392"},"modified":"2021-11-15T10:44:53","modified_gmt":"2021-11-15T13:44:53","slug":"dados-curadoria","status":"publish","type":"page","link":"https:\/\/cartaobraborda.com\/?page_id=392","title":{"rendered":"Dados Curadoria"},"content":{"rendered":"\n<p><\/p>\n\n\n\n<p><strong>Cintia Falkenbach<\/strong><br>Artista visual, natural de Alegrete -RS. Residente em Brasilia\/ Piren\u00f3polis. Mestre em Artes Visuais e Doutora em Teoria e Hist\u00f3ria da Arte, pela Universidade de Brasilia, Exp\u00f5e desde 1980 em coletivas. Algumas exposi\u00e7\u00f5es individuais. Dois pr\u00eamios, uma mne\u00e7\u00e3o honrosa . Curadora e Te\u00f3rica independente.<br>Professora de Gravura em Metal na Universidade de Brasilia de 1993\/2018.Atualmente participa de diversos coletivos virtuais. Reside dentro do ateli\u00ea e dedica-se exclusivamente a constru\u00e7\u00e3o de sua obra nas diversas linguagens das Artes Visuais.<br><a href=\"mailto:cintiafalk@yahoo.com.br\">cintiafalk@yahoo.com.br<\/a><\/p>\n\n\n\n<p><\/p>\n\n\n\n<p><\/p>\n\n\n\n<p><br><strong>Mag Campos<br><\/strong>Arquiteta, Artista Pl\u00e1stica e Terapeuta Hol\u00edstica. Natural de Bras\u00edlia\/DF. Residente em Bras\u00edlia\/DF. Bacharelado em Artes Pl\u00e1sticas com Habilita\u00e7\u00e3o em Escultura, Unb\/Bras\u00edlia-DF. P\u00f3s-gradua\u00e7\u00e3o em Arquitetura e Urbanismo, Unb\/Bras\u00edlia-DF. \u00c9 curadora do projeto e exposi\u00e7\u00e3o Carta\/ObraBorda.<br>Desenvolveu projetos dentro e fora do Brasil . Tem participa\u00e7\u00e3o coletiva em exposi\u00e7\u00f5es. Produziu vitrines individuais e cenografia para campanhas publicit\u00e1rias. Hoje produz Artesanato Contempor\u00e2neo para a Casa \u00c1urea.<br><a href=\"mailto:mag.campos@me.com\">mag.campos@me.com<\/a><\/p>\n\n\n\n<p><\/p>\n\n\n\n<p><\/p>\n\n\n\n<p><br><strong>Suyan de Mattos<br><\/strong>Artista pl\u00e1stica em situa\u00e7\u00e3o do bordar. Natural do Rio de Janeiro\/RJ. Residente em Bras\u00edlia\/DF. Posdoc em Artes, UBA\/Argentina, doutorado em Hist\u00f3ria da Arte, mestrado em Artes Visuais, UNAM\/M\u00e9xico, licenciatura em Artes Pl\u00e1sticas, UnB\/Bras\u00edlia-DF\/Brasil.<br>Curadora e coordenadora do projeto e exposi\u00e7\u00e3o Carta\/ObraBorda. V\u00e1rias exposi\u00e7\u00f5es individuais e coletivas. Curadora e coordenadora das resid\u00eancias art\u00edsticas Hospitalidade e Volante.<br><a href=\"mailto:suyandemattos@gmail.com\">suyandemattos@gmail.com<\/a><\/p>\n\n\n\n<p><\/p>\n\n\n\n<p><\/p>\n\n\n\n<p><br><strong>Vera Michels<br><\/strong>Artista e bacharel em Hist\u00f3ria pela Universidade de Bras\u00edlia\/UnB. Natural de Blumenau\/SC. Residente de Piren\u00f3polis\/GO. Frequentou os ateli\u00eas de Ralph Gehre e de Ben\u00e9 Fonteles. Realizou exposi\u00e7\u00f5es individuais na 508 sul, na Galeria Refer\u00eancia e na C\u00e2mara e Cadeia em Piren\u00f3polis.<br>Participou de exposi\u00e7\u00f5es coletivas, como a &#8220;Nem Erudito Nem Popular&#8221; no Museu da Rep\u00fablica e a do grupo Vozes Agudas na Galeria Karla Os\u00f3rio, ambas em Bras\u00edlia.<br><a href=\"mailto:atelieveramichels@gmail.com\">atelieveramichels@gmail.com<\/a><\/p>\n","protected":false},"excerpt":{"rendered":"<p>Cintia FalkenbachArtista visual, natural de Alegrete -RS. Residente em Brasilia\/ Piren\u00f3polis. Mestre em Artes Visuais e Doutora em Teoria e Hist\u00f3ria da Arte, pela Universidade de Brasilia, Exp\u00f5e desde 1980 em coletivas. Algumas exposi\u00e7\u00f5es individuais. Dois pr\u00eamios, uma mne\u00e7\u00e3o honrosa . Curadora e Te\u00f3rica independente.Professora de Gravura em Metal na Universidade de Brasilia de 1993\/2018.Atualmente<\/p>\n<p class=\"more-link-wrapper\"><a href=\"https:\/\/cartaobraborda.com\/?page_id=392\" class=\"more-link\">Continue Reading<span class=\"screen-reader-text\"> &#8220;Dados Curadoria&#8221;<\/span><\/a><\/p>\n","protected":false},"author":1,"featured_media":0,"parent":0,"menu_order":0,"comment_status":"closed","ping_status":"closed","template":"","meta":{"_eb_attr":"","_vp_format_video_url":"","_vp_image_focal_point":[],"footnotes":""},"class_list":["post-392","page","type-page","status-publish","hentry"],"_links":{"self":[{"href":"https:\/\/cartaobraborda.com\/index.php?rest_route=\/wp\/v2\/pages\/392","targetHints":{"allow":["GET"]}}],"collection":[{"href":"https:\/\/cartaobraborda.com\/index.php?rest_route=\/wp\/v2\/pages"}],"about":[{"href":"https:\/\/cartaobraborda.com\/index.php?rest_route=\/wp\/v2\/types\/page"}],"author":[{"embeddable":true,"href":"https:\/\/cartaobraborda.com\/index.php?rest_route=\/wp\/v2\/users\/1"}],"replies":[{"embeddable":true,"href":"https:\/\/cartaobraborda.com\/index.php?rest_route=%2Fwp%2Fv2%2Fcomments&post=392"}],"version-history":[{"count":3,"href":"https:\/\/cartaobraborda.com\/index.php?rest_route=\/wp\/v2\/pages\/392\/revisions"}],"predecessor-version":[{"id":536,"href":"https:\/\/cartaobraborda.com\/index.php?rest_route=\/wp\/v2\/pages\/392\/revisions\/536"}],"wp:attachment":[{"href":"https:\/\/cartaobraborda.com\/index.php?rest_route=%2Fwp%2Fv2%2Fmedia&parent=392"}],"curies":[{"name":"wp","href":"https:\/\/api.w.org\/{rel}","templated":true}]}}